{"id":45,"date":"2016-04-18T20:25:46","date_gmt":"2016-04-19T00:55:46","guid":{"rendered":"http:\/\/comisiondeportivatouring.com\/site\/?page_id=45"},"modified":"2016-04-18T20:25:46","modified_gmt":"2016-04-19T00:55:46","slug":"quienes-somos","status":"publish","type":"page","link":"http:\/\/comisiondeportivatouring.com\/site\/index.php\/quienes-somos\/","title":{"rendered":"\u00bfQuienes somos?"},"content":{"rendered":"<p><img loading=\"lazy\" class=\" wp-image-46 alignleft\" src=\"http:\/\/comisiondeportivatouring.com\/site\/wp-content\/uploads\/2016\/04\/TouringLogo_3-300x300.jpg\" alt=\"TouringLogo_3\" width=\"137\" height=\"137\" srcset=\"http:\/\/comisiondeportivatouring.com\/site\/wp-content\/uploads\/2016\/04\/TouringLogo_3-300x300.jpg 300w, http:\/\/comisiondeportivatouring.com\/site\/wp-content\/uploads\/2016\/04\/TouringLogo_3-150x150.jpg 150w, http:\/\/comisiondeportivatouring.com\/site\/wp-content\/uploads\/2016\/04\/TouringLogo_3-768x769.jpg 768w, http:\/\/comisiondeportivatouring.com\/site\/wp-content\/uploads\/2016\/04\/TouringLogo_3-1024x1024.jpg 1024w, http:\/\/comisiondeportivatouring.com\/site\/wp-content\/uploads\/2016\/04\/TouringLogo_3.jpg 1405w\" sizes=\"(max-width: 137px) 100vw, 137px\" \/>El 8 de julio de 1941 en la sede de la Asociaci\u00f3n Venezolana de Escritores, ubicada en la Esquina de la Torre y con asistencia de distinguidas personalidades de la vida nacional, entre ellos: Alberto T. Phelps, J. A. S\u00e1nchez Vega, Hans Gathman, Armando Planchart, Napole\u00f3n Arraiz, J. H. Blohm, Oscar Garc\u00eda Velutini, Carlos Kauffmann, y del Dr. Alfredo Acu\u00f1a, representante del Autom\u00f3vil Club de la Argentina, se llev\u00f3 a cabo la constituci\u00f3n formal del primer Autom\u00f3vil Club de Venezuela, cuyo objetivo inicial fue la necesidad de que un \u00f3rgano deportivo de esta naturaleza cooperara con el de Argentina, en la representaci\u00f3n, control y ejecuci\u00f3n de la Carrera de Ruta Bueno Aires \u2013 Caracas, y que posteriormente, con car\u00e1cter permanente, reuniera en su seno a los entusiastas del deporte de la velocidad y a los automovilistas en general.<\/p>\n<p>&nbsp;<\/p>\n<p><strong>Grandes corredores<\/strong><\/p>\n<p>Pilotos de renombrada categor\u00eda, fueron hu\u00e9spedes y actores en Caracas y Maracaibo; Juan Manuel Fangio, Jean Berha, Stirling Moss, el M\u00e1rquez de Pertago y los Nacionales Julio Pola, H\u00e9ctor Chimeri, Lino Fay\u00e9n, entre otros dieron lo mejor de s\u00ed en defensa de los colores de sus respectivas escuder\u00edas. Siempre recordando organizadores y directivos como Emilio Chafardet, Alina Agullo, Jes\u00fas Reina Morales y Renny Ottolina, dieron realce, sapiencia y ese toque fraterno que les caracterizaba en todas las manifestaciones automovil\u00edsticas en las que interven\u00edan a nivel nacional. Desde su inicio en 1943 hasta hoy d\u00eda el T.A.C.V., cambi\u00f3 la ubicaci\u00f3n de su sede en cinco oportunidades, Esquina de Sociedad, Av. Las Palmas, Altamira, Santa Rosa de Lima y Plaza Venezuela (sede actual); en cada caso para ampliar y diversificar los servicios y beneficios que presta a sus afiliados.<\/p>\n<p>&nbsp;<\/p>\n<p><strong>Su directiva actual<\/strong><\/p>\n<p>Francisco Marcano Andersen, se encarga de la Presidencia a partir del a\u00f1o 1970, siendo reelecto en sucesivos per\u00edodos hasta la presente Junta. En el transcurso de esos lapsos ingresan como Directivos del Touring, socios propietarios como Jorge Marcano A., Napole\u00f3n Fern\u00e1ndez Motta, Oscar Rojas Araujo, Leopoldo Barbosa y Naurice Nouel, entre otros, quienes aportaron valiosos elementos en pro del desarrollo administrativo y social del Club. En 1976, bajo la gerencia de Juan Pietri Jagemberg, adquiere por primera vez sede propia en la Urb. Santa Rosa de Lima, la cual posteriormente vende y en el mes de junio de 1994, inauguran sus actuales oficinas en la Torre Phelps de la Plaza Venezuela. En su dilatada y constante presencia de 63 a\u00f1os el Touring Club como popularmente se le conoce, transit\u00f3 por una sinuosa ruta en el rally de los servicios, ha dejado una huella de su paso en el camino, atr\u00e1s quedaron las etapas de las dificultades; hoy tiene ante s\u00ed, una autopista de ilusiones y la potencia del motor de sus deseos para seguir adelante en pro del turismo, el automovilismo y los servicios, en beneficio de la comunidad a la cual sirve y para la cual fue creada. Redactor: Hugo E. Sojo G. Socio Propietario<\/p>\n","protected":false},"excerpt":{"rendered":"<p>El 8 de julio de 1941 en la sede de la Asociaci\u00f3n Venezolana de Escritores, ubicada en la Esquina de<\/p>\n","protected":false},"author":1,"featured_media":0,"parent":0,"menu_order":0,"comment_status":"closed","ping_status":"closed","template":"","meta":[],"_links":{"self":[{"href":"http:\/\/comisiondeportivatouring.com\/site\/index.php\/wp-json\/wp\/v2\/pages\/45"}],"collection":[{"href":"http:\/\/comisiondeportivatouring.com\/site\/index.php\/wp-json\/wp\/v2\/pages"}],"about":[{"href":"http:\/\/comisiondeportivatouring.com\/site\/index.php\/wp-json\/wp\/v2\/types\/page"}],"author":[{"embeddable":true,"href":"http:\/\/comisiondeportivatouring.com\/site\/index.php\/wp-json\/wp\/v2\/users\/1"}],"replies":[{"embeddable":true,"href":"http:\/\/comisiondeportivatouring.com\/site\/index.php\/wp-json\/wp\/v2\/comments?post=45"}],"version-history":[{"count":1,"href":"http:\/\/comisiondeportivatouring.com\/site\/index.php\/wp-json\/wp\/v2\/pages\/45\/revisions"}],"predecessor-version":[{"id":47,"href":"http:\/\/comisiondeportivatouring.com\/site\/index.php\/wp-json\/wp\/v2\/pages\/45\/revisions\/47"}],"wp:attachment":[{"href":"http:\/\/comisiondeportivatouring.com\/site\/index.php\/wp-json\/wp\/v2\/media?parent=45"}],"curies":[{"name":"wp","href":"https:\/\/api.w.org\/{rel}","templated":true}]}}